{"id":7866,"date":"2020-10-22T10:51:20","date_gmt":"2020-10-22T10:51:20","guid":{"rendered":"https:\/\/santabaia.es\/?page_id=7866"},"modified":"2025-10-01T10:24:58","modified_gmt":"2025-10-01T09:24:58","slug":"calendario-escolar-curso-2020-21","status":"publish","type":"page","link":"https:\/\/santabaia.es\/?page_id=7866","title":{"rendered":"CALENDARIO ESCOLAR"},"content":{"rendered":"\n<figure class=\"wp-block-image size-large\"><a href=\"https:\/\/santabaia.es\/wp-content\/uploads\/2025\/10\/Calendario-escolar-2025-26.png\"><img loading=\"lazy\" decoding=\"async\" width=\"1024\" height=\"576\" src=\"https:\/\/santabaia.es\/wp-content\/uploads\/2025\/10\/Calendario-escolar-2025-26-1024x576.png\" alt=\"\" class=\"wp-image-11205\" srcset=\"https:\/\/santabaia.es\/wp-content\/uploads\/2025\/10\/Calendario-escolar-2025-26-1024x576.png 1024w, https:\/\/santabaia.es\/wp-content\/uploads\/2025\/10\/Calendario-escolar-2025-26-300x169.png 300w, https:\/\/santabaia.es\/wp-content\/uploads\/2025\/10\/Calendario-escolar-2025-26-768x432.png 768w, https:\/\/santabaia.es\/wp-content\/uploads\/2025\/10\/Calendario-escolar-2025-26-1536x864.png 1536w, https:\/\/santabaia.es\/wp-content\/uploads\/2025\/10\/Calendario-escolar-2025-26.png 1920w\" sizes=\"auto, (max-width: 1024px) 100vw, 1024px\" \/><\/a><\/figure>\n\n\n\n<p>Ademais os festivos nacionais, auton\u00f3micos e locais ser\u00edan non lectivos. Como en Boiro est\u00e1n instaurados durante o ver\u00e1n, os centros do concello solicitaron como <strong>non lectivos<\/strong> o <strong>4 de novembro e o 20 de marzo<\/strong>.<\/p>\n\n\n\n<p>SA\u00daDOS<\/p>\n","protected":false},"excerpt":{"rendered":"<p>Ademais os festivos nacionais, auton\u00f3micos e locais ser\u00edan non lectivos. Como en Boiro est\u00e1n instaurados durante o ver\u00e1n, os centros do concello solicitaron como non lectivos o 4 de novembro e o 20 de marzo. SA\u00daDOS<\/p>\n","protected":false},"author":2,"featured_media":11205,"parent":0,"menu_order":0,"comment_status":"closed","ping_status":"closed","template":"","meta":{"footnotes":""},"class_list":["post-7866","page","type-page","status-publish","has-post-thumbnail","hentry"],"_links":{"self":[{"href":"https:\/\/santabaia.es\/index.php?rest_route=\/wp\/v2\/pages\/7866","targetHints":{"allow":["GET"]}}],"collection":[{"href":"https:\/\/santabaia.es\/index.php?rest_route=\/wp\/v2\/pages"}],"about":[{"href":"https:\/\/santabaia.es\/index.php?rest_route=\/wp\/v2\/types\/page"}],"author":[{"embeddable":true,"href":"https:\/\/santabaia.es\/index.php?rest_route=\/wp\/v2\/users\/2"}],"replies":[{"embeddable":true,"href":"https:\/\/santabaia.es\/index.php?rest_route=%2Fwp%2Fv2%2Fcomments&post=7866"}],"version-history":[{"count":34,"href":"https:\/\/santabaia.es\/index.php?rest_route=\/wp\/v2\/pages\/7866\/revisions"}],"predecessor-version":[{"id":11206,"href":"https:\/\/santabaia.es\/index.php?rest_route=\/wp\/v2\/pages\/7866\/revisions\/11206"}],"wp:featuredmedia":[{"embeddable":true,"href":"https:\/\/santabaia.es\/index.php?rest_route=\/wp\/v2\/media\/11205"}],"wp:attachment":[{"href":"https:\/\/santabaia.es\/index.php?rest_route=%2Fwp%2Fv2%2Fmedia&parent=7866"}],"curies":[{"name":"wp","href":"https:\/\/api.w.org\/{rel}","templated":true}]}}