{"id":7,"date":"2013-09-01T16:12:59","date_gmt":"2013-09-01T16:12:59","guid":{"rendered":"http:\/\/santabaia.es\/?page_id=4"},"modified":"2024-10-28T12:51:55","modified_gmt":"2024-10-28T11:51:55","slug":"inicio","status":"publish","type":"page","link":"https:\/\/santabaia.es\/","title":{"rendered":"BENVIDO"},"content":{"rendered":"<p><a href=\"https:\/\/santabaia.es\/wp-content\/uploads\/2013\/09\/benvido.jpg\"><img loading=\"lazy\" decoding=\"async\" class=\"alignleft size-full wp-image-818\" src=\"https:\/\/santabaia.es\/wp-content\/uploads\/2013\/09\/benvido.jpg\" alt=\"benvido\" width=\"261\" height=\"193\" \/><\/a>Esta \u00e9 a web do CEIP Santa Baia, esperamos que nos visites porque ter\u00e1s informaci\u00f3n sobre as actividades que realizamos, novas sobre educaci\u00f3n, prazos e documentaci\u00f3n de secretar\u00eda, actividades formativas, servizos complementarios.<\/p>\n<\/p>\n\n\n<figure class=\"wp-block-image size-full\"><a class=\"\" href=\"https:\/\/centros.edu.xunta.gal\/ceipsantabaia\/gl\/node\/4\" target=\"_blank\" rel=\"https:\/\/centros.edu.xunta.gal\/ceipsantabaia\/gl\/node\/4\/webform\/confirmation?token=GAuTmtQvWViKjX-Svf79tq5Fz9sWHHfa7blMNHwwLd8 noopener\"><img loading=\"lazy\" decoding=\"async\" width=\"260\" height=\"194\" src=\"https:\/\/santabaia.es\/wp-content\/uploads\/2024\/06\/punto-Laranxa.png\" alt=\"\" class=\"wp-image-10578\"\/><\/a><\/figure>\n\n\n<div class=\"wp-block-image\">\n<figure class=\"alignleft is-resized\"><a href=\"https:\/\/www.edu.xunta.gal\/centros\/ceipsantabaia\/aulavirtual\/\"><img loading=\"lazy\" decoding=\"async\" width=\"500\" height=\"500\" src=\"https:\/\/santabaia.es\/wp-content\/uploads\/2020\/12\/av.png\" alt=\"\" class=\"wp-image-7957\" style=\"width:173px;height:173px\" srcset=\"https:\/\/santabaia.es\/wp-content\/uploads\/2020\/12\/av.png 500w, https:\/\/santabaia.es\/wp-content\/uploads\/2020\/12\/av-150x150.png 150w, https:\/\/santabaia.es\/wp-content\/uploads\/2020\/12\/av-300x300.png 300w\" sizes=\"auto, (max-width: 500px) 100vw, 500px\" \/><\/a><figcaption class=\"wp-element-caption\"><br><\/figcaption><\/figure>\n<\/div>\n\n<div class=\"wp-block-image\">\n<figure class=\"alignleft\"><img loading=\"lazy\" decoding=\"async\" width=\"400\" height=\"100\" src=\"https:\/\/santabaia.es\/wp-content\/uploads\/2019\/10\/SEPIE_erasmus_plus.gif\" alt=\"\" class=\"wp-image-5567\"\/><figcaption class=\"wp-element-caption\"><br><\/figcaption><\/figure>\n<\/div>\n\n<div class=\"wp-block-image\">\n<figure class=\"alignleft\"><img loading=\"lazy\" decoding=\"async\" width=\"131\" height=\"250\" src=\"https:\/\/santabaia.es\/wp-content\/uploads\/2020\/12\/plambe-2.png\" alt=\"\" class=\"wp-image-7967\"\/><\/figure>\n<\/div>\n\n\n<figure class=\"wp-block-image size-full\"><a href=\"https:\/\/santabaia.es\/wp-content\/uploads\/2024\/10\/educo.png\"><img loading=\"lazy\" decoding=\"async\" width=\"211\" height=\"81\" src=\"https:\/\/santabaia.es\/wp-content\/uploads\/2024\/10\/educo.png\" alt=\"\" class=\"wp-image-10840\"\/><\/a><\/figure>\n\n\n\n<figure class=\"wp-block-image size-large\"><a href=\"https:\/\/santabaia.es\/wp-content\/uploads\/2022\/02\/ARCO3.png\"><img loading=\"lazy\" decoding=\"async\" width=\"306\" height=\"237\" src=\"https:\/\/santabaia.es\/wp-content\/uploads\/2022\/02\/ARCO3.png\" alt=\"\" class=\"wp-image-8894\" srcset=\"https:\/\/santabaia.es\/wp-content\/uploads\/2022\/02\/ARCO3.png 306w, https:\/\/santabaia.es\/wp-content\/uploads\/2022\/02\/ARCO3-300x232.png 300w\" sizes=\"auto, (max-width: 306px) 100vw, 306px\" \/><\/a><\/figure>\n\n\n\n<figure class=\"wp-block-image size-large\"><a href=\"https:\/\/santabaia.es\/wp-content\/uploads\/2022\/06\/EDDLG.jpg\"><img loading=\"lazy\" decoding=\"async\" width=\"1024\" height=\"576\" src=\"https:\/\/santabaia.es\/wp-content\/uploads\/2022\/06\/EDDLG-1024x576.jpg\" alt=\"\" class=\"wp-image-9245\" srcset=\"https:\/\/santabaia.es\/wp-content\/uploads\/2022\/06\/EDDLG-1024x576.jpg 1024w, https:\/\/santabaia.es\/wp-content\/uploads\/2022\/06\/EDDLG-300x169.jpg 300w, https:\/\/santabaia.es\/wp-content\/uploads\/2022\/06\/EDDLG-768x432.jpg 768w, https:\/\/santabaia.es\/wp-content\/uploads\/2022\/06\/EDDLG-1536x864.jpg 1536w, https:\/\/santabaia.es\/wp-content\/uploads\/2022\/06\/EDDLG.jpg 1920w\" sizes=\"auto, (max-width: 1024px) 100vw, 1024px\" \/><\/a><\/figure>\n\n\n\n<figure class=\"wp-block-image size-large\"><a href=\"https:\/\/santabaia.es\/wp-content\/uploads\/2022\/02\/aRCO1-1-scaled.jpg\"><img loading=\"lazy\" decoding=\"async\" width=\"1024\" height=\"274\" src=\"https:\/\/santabaia.es\/wp-content\/uploads\/2022\/02\/aRCO1-1-1024x274.jpg\" alt=\"\" class=\"wp-image-8896\" srcset=\"https:\/\/santabaia.es\/wp-content\/uploads\/2022\/02\/aRCO1-1-1024x274.jpg 1024w, https:\/\/santabaia.es\/wp-content\/uploads\/2022\/02\/aRCO1-1-300x80.jpg 300w, https:\/\/santabaia.es\/wp-content\/uploads\/2022\/02\/aRCO1-1-768x205.jpg 768w, https:\/\/santabaia.es\/wp-content\/uploads\/2022\/02\/aRCO1-1-1536x410.jpg 1536w, https:\/\/santabaia.es\/wp-content\/uploads\/2022\/02\/aRCO1-1-2048x547.jpg 2048w\" sizes=\"auto, (max-width: 1024px) 100vw, 1024px\" \/><\/a><\/figure>\n\n\n\n<figure class=\"wp-block-image size-large\"><a href=\"https:\/\/santabaia.es\/wp-content\/uploads\/2021\/11\/cp_innova.png\"><img loading=\"lazy\" decoding=\"async\" width=\"843\" height=\"1024\" src=\"https:\/\/santabaia.es\/wp-content\/uploads\/2021\/11\/cp_innova-843x1024.png\" alt=\"\" class=\"wp-image-8628\" srcset=\"https:\/\/santabaia.es\/wp-content\/uploads\/2021\/11\/cp_innova-843x1024.png 843w, https:\/\/santabaia.es\/wp-content\/uploads\/2021\/11\/cp_innova-247x300.png 247w, https:\/\/santabaia.es\/wp-content\/uploads\/2021\/11\/cp_innova-768x932.png 768w, https:\/\/santabaia.es\/wp-content\/uploads\/2021\/11\/cp_innova.png 1200w\" sizes=\"auto, (max-width: 843px) 100vw, 843px\" \/><\/a><\/figure>\n\n\n\n<p><\/p>\n\n\n\n<p><\/p>\n","protected":false},"excerpt":{"rendered":"<p>Esta \u00e9 a web do CEIP Santa Baia, esperamos que nos visites porque ter\u00e1s informaci\u00f3n sobre as actividades que realizamos, novas sobre educaci\u00f3n, prazos e documentaci\u00f3n de secretar\u00eda, actividades formativas, servizos complementarios.<\/p>\n","protected":false},"author":4,"featured_media":0,"parent":0,"menu_order":0,"comment_status":"closed","ping_status":"closed","template":"","meta":{"footnotes":""},"class_list":["post-7","page","type-page","status-publish","hentry"],"_links":{"self":[{"href":"https:\/\/santabaia.es\/index.php?rest_route=\/wp\/v2\/pages\/7","targetHints":{"allow":["GET"]}}],"collection":[{"href":"https:\/\/santabaia.es\/index.php?rest_route=\/wp\/v2\/pages"}],"about":[{"href":"https:\/\/santabaia.es\/index.php?rest_route=\/wp\/v2\/types\/page"}],"author":[{"embeddable":true,"href":"https:\/\/santabaia.es\/index.php?rest_route=\/wp\/v2\/users\/4"}],"replies":[{"embeddable":true,"href":"https:\/\/santabaia.es\/index.php?rest_route=%2Fwp%2Fv2%2Fcomments&post=7"}],"version-history":[{"count":45,"href":"https:\/\/santabaia.es\/index.php?rest_route=\/wp\/v2\/pages\/7\/revisions"}],"predecessor-version":[{"id":10841,"href":"https:\/\/santabaia.es\/index.php?rest_route=\/wp\/v2\/pages\/7\/revisions\/10841"}],"wp:attachment":[{"href":"https:\/\/santabaia.es\/index.php?rest_route=%2Fwp%2Fv2%2Fmedia&parent=7"}],"curies":[{"name":"wp","href":"https:\/\/api.w.org\/{rel}","templated":true}]}}