{"id":4955,"date":"2019-03-03T21:49:48","date_gmt":"2019-03-03T21:49:48","guid":{"rendered":"https:\/\/santabaia.es\/?page_id=4955"},"modified":"2025-09-15T09:01:11","modified_gmt":"2025-09-15T08:01:11","slug":"4955-2","status":"publish","type":"page","link":"https:\/\/santabaia.es\/?page_id=4955","title":{"rendered":"Persoal do Centro"},"content":{"rendered":"\n<p class=\"has-medium-font-size\"><strong>Docentes<\/strong><\/p>\n\n\n\n<div data-wp-interactive=\"core\/file\" class=\"wp-block-file\"><object data-wp-bind--hidden=\"!state.hasPdfPreview\" hidden class=\"wp-block-file__embed\" data=\"https:\/\/santabaia.es\/wp-content\/uploads\/2025\/09\/equipo-docente-25-26web.pdf\" type=\"application\/pdf\" style=\"width:100%;height:600px\" aria-label=\"Incrustado de equipo docente 25-26web.\"><\/object><a id=\"wp-block-file--media-92892e99-513e-470b-8c50-0fc560f4eda1\" href=\"https:\/\/santabaia.es\/wp-content\/uploads\/2025\/09\/equipo-docente-25-26web.pdf\">equipo docente 25-26web<\/a><a href=\"https:\/\/santabaia.es\/wp-content\/uploads\/2025\/09\/equipo-docente-25-26web.pdf\" class=\"wp-block-file__button wp-element-button\" download aria-describedby=\"wp-block-file--media-92892e99-513e-470b-8c50-0fc560f4eda1\">Descarga<\/a><\/div>\n\n\n\n<p class=\"has-medium-font-size\">PAS (persoal de Administraci\u00f3n e Servizos)<\/p>\n\n\n\n<p><strong>Conserxe:<\/strong> Jos\u00e9 Antonio<\/p>\n\n\n\n<p><strong>Auxiliar Administrativa: <\/strong>Purificaci\u00f3n.<\/p>\n\n\n\n<p><strong>Limpeza edificio de primaria:<\/strong> Ana.<\/p>\n\n\n\n<p><strong>Limpeza edificio de infantil:<\/strong> Sof\u00eda.<\/p>\n\n\n\n<p><strong>Persoa de reforzo na limpeza:<\/strong> Ana.<\/p>\n\n\n\n<p class=\"has-medium-font-size\">Non docentes<\/p>\n\n\n\n<p><strong>Coidadora:<\/strong> Loli (Chelo)<br><\/p>\n\n\n\n<p><strong>Auxiliar de conversa:<\/strong> Imogen.<br><\/p>\n","protected":false},"excerpt":{"rendered":"<p>Docentes PAS (persoal de Administraci\u00f3n e Servizos) Conserxe: Jos\u00e9 Antonio Auxiliar Administrativa: Purificaci\u00f3n. Limpeza edificio de primaria: Ana. Limpeza edificio de infantil: Sof\u00eda. Persoa de reforzo na limpeza: Ana. Non docentes Coidadora: Loli (Chelo) Auxiliar de conversa: Imogen.<\/p>\n","protected":false},"author":2,"featured_media":0,"parent":0,"menu_order":0,"comment_status":"closed","ping_status":"closed","template":"","meta":{"footnotes":""},"class_list":["post-4955","page","type-page","status-publish","hentry"],"_links":{"self":[{"href":"https:\/\/santabaia.es\/index.php?rest_route=\/wp\/v2\/pages\/4955","targetHints":{"allow":["GET"]}}],"collection":[{"href":"https:\/\/santabaia.es\/index.php?rest_route=\/wp\/v2\/pages"}],"about":[{"href":"https:\/\/santabaia.es\/index.php?rest_route=\/wp\/v2\/types\/page"}],"author":[{"embeddable":true,"href":"https:\/\/santabaia.es\/index.php?rest_route=\/wp\/v2\/users\/2"}],"replies":[{"embeddable":true,"href":"https:\/\/santabaia.es\/index.php?rest_route=%2Fwp%2Fv2%2Fcomments&post=4955"}],"version-history":[{"count":29,"href":"https:\/\/santabaia.es\/index.php?rest_route=\/wp\/v2\/pages\/4955\/revisions"}],"predecessor-version":[{"id":11195,"href":"https:\/\/santabaia.es\/index.php?rest_route=\/wp\/v2\/pages\/4955\/revisions\/11195"}],"wp:attachment":[{"href":"https:\/\/santabaia.es\/index.php?rest_route=%2Fwp%2Fv2%2Fmedia&parent=4955"}],"curies":[{"name":"wp","href":"https:\/\/api.w.org\/{rel}","templated":true}]}}