{"id":4184,"date":"2018-03-05T11:16:40","date_gmt":"2018-03-05T11:16:40","guid":{"rendered":"https:\/\/santabaia.es\/?page_id=4184"},"modified":"2025-09-03T16:34:24","modified_gmt":"2025-09-03T15:34:24","slug":"servicios-complementarios","status":"publish","type":"page","link":"https:\/\/santabaia.es\/?page_id=4184","title":{"rendered":"Servicios complementarios"},"content":{"rendered":"<table width=\"584\">\n<tbody>\n<tr>\n<td width=\"288\">\n<h4 style=\"text-align: center;\"><span style=\"color: #3366ff;\"><strong>Anpa Torre de Goi\u00e1ns<\/strong><\/span><\/h4>\n<\/td>\n<td width=\"296\"><\/td>\n<\/tr>\n<tr>\n<td width=\"288\"><span style=\"color: #3366ff;\"><strong>Madrugadores, Comedor, 2 li\u00f1as de transporte e Extraescolares.<\/strong><\/span><\/td>\n<td width=\"296\">\n<h3>Xestionados pola Anpa<\/h3>\n<h3>(M\u00e1is info: 679208853-Luis)<\/h3>\n<\/td>\n<\/tr>\n<\/tbody>\n<\/table>\n<table style=\"height: 73px;\" width=\"573\">\n<tbody>\n<tr>\n<td colspan=\"2\" width=\"576\">\n<h4><strong><a href=\"https:\/\/santabaia.es\/wp-content\/uploads\/2025\/09\/actualizaciones-anpa-25-1.pdf\">Descarga servizos complementarios 25-26<\/a><a href=\"https:\/\/santabaia.es\/wp-content\/uploads\/2025\/09\/Servizos-complementarios-anpa-25.jpg\"><img loading=\"lazy\" decoding=\"async\" class=\"aligncenter size-medium wp-image-11170\" src=\"https:\/\/santabaia.es\/wp-content\/uploads\/2025\/09\/Servizos-complementarios-anpa-25-212x300.jpg\" alt=\"\" width=\"212\" height=\"300\" srcset=\"https:\/\/santabaia.es\/wp-content\/uploads\/2025\/09\/Servizos-complementarios-anpa-25-212x300.jpg 212w, https:\/\/santabaia.es\/wp-content\/uploads\/2025\/09\/Servizos-complementarios-anpa-25-724x1024.jpg 724w, https:\/\/santabaia.es\/wp-content\/uploads\/2025\/09\/Servizos-complementarios-anpa-25-768x1087.jpg 768w, https:\/\/santabaia.es\/wp-content\/uploads\/2025\/09\/Servizos-complementarios-anpa-25-1085x1536.jpg 1085w, https:\/\/santabaia.es\/wp-content\/uploads\/2025\/09\/Servizos-complementarios-anpa-25.jpg 1240w\" sizes=\"auto, (max-width: 212px) 100vw, 212px\" \/><\/a><\/strong><\/h4>\n<\/td>\n<\/tr>\n<tr>\n<td width=\"288\"><\/td>\n<td style=\"text-align: center;\" width=\"288\"><\/td>\n<\/tr>\n<tr>\n<td width=\"288\"><\/td>\n<td style=\"text-align: center;\" width=\"288\"><\/td>\n<\/tr>\n<\/tbody>\n<\/table>\n<h3><\/h3>\n<h3 style=\"text-align: center;\">Xestionados pola Conseller\u00eda de educaci\u00f3n<\/h3>\n<h3 style=\"text-align: center;\">(M\u00e1is informaci\u00f3n na Secretar\u00eda do Centro: 88186695-881866590)<\/h3>\n<h3 style=\"text-align: center;\"><strong>BIBLIOTECA ESCOLAR<\/strong><\/h3>\n<p style=\"text-align: center;\">Luns, m\u00e9rcores (aberta \u00e1 comunidade), xoves e venres de 16:00 a 18:00h. Martes de 16:00 a 17:00h.<\/p>\n<ul>\n<li style=\"text-align: center;\">Coordinadora: Ana Rodr\u00edguez.<\/li>\n<\/ul>\n<p><a href=\"http:\/\/baiabiblio.blogspot.com.es\/\" target=\"_blank\" rel=\"noopener noreferrer\"><img loading=\"lazy\" decoding=\"async\" class=\"aligncenter size-medium wp-image-4237\" src=\"https:\/\/santabaia.es\/wp-content\/uploads\/2018\/03\/IMG_0843-300x165.png\" alt=\"\" width=\"300\" height=\"165\" srcset=\"https:\/\/santabaia.es\/wp-content\/uploads\/2018\/03\/IMG_0843-300x165.png 300w, https:\/\/santabaia.es\/wp-content\/uploads\/2018\/03\/IMG_0843.png 640w\" sizes=\"auto, (max-width: 300px) 100vw, 300px\" \/><\/a><\/p>\n<h3><\/h3>\n<h3 style=\"text-align: center;\"><strong>TRANSPORTE ESCOLAR<\/strong><\/h3>\n<p style=\"text-align: center;\">Desde Cimadevila e Avda. de Barra\u00f1a (servicio a extinguir por zonificaci\u00f3n)<\/p>\n<p><a href=\"https:\/\/santabaia.es\/wp-content\/uploads\/2018\/04\/Anexo-I-WEBxunta.pdf\" target=\"_blank\" rel=\"noopener noreferrer\"><img loading=\"lazy\" decoding=\"async\" class=\"aligncenter size-medium wp-image-4227\" src=\"https:\/\/santabaia.es\/wp-content\/uploads\/2018\/03\/busTransp-300x228.jpg\" alt=\"\" width=\"300\" height=\"228\" srcset=\"https:\/\/santabaia.es\/wp-content\/uploads\/2018\/03\/busTransp-300x228.jpg 300w, https:\/\/santabaia.es\/wp-content\/uploads\/2018\/03\/busTransp.jpg 374w\" sizes=\"auto, (max-width: 300px) 100vw, 300px\" \/><\/a><\/p>\n","protected":false},"excerpt":{"rendered":"<p>Anpa Torre de Goi\u00e1ns Madrugadores, Comedor, 2 li\u00f1as de transporte e Extraescolares. Xestionados pola Anpa (M\u00e1is info: 679208853-Luis) Descarga servizos complementarios 25-26 Xestionados pola Conseller\u00eda de educaci\u00f3n (M\u00e1is informaci\u00f3n na Secretar\u00eda do Centro: 88186695-881866590) BIBLIOTECA ESCOLAR Luns, m\u00e9rcores (aberta \u00e1 comunidade), xoves e venres de 16:00 a 18:00h. Martes de 16:00 a 17:00h. Coordinadora: Ana<\/p>\n","protected":false},"author":2,"featured_media":0,"parent":0,"menu_order":0,"comment_status":"closed","ping_status":"closed","template":"","meta":{"footnotes":""},"class_list":["post-4184","page","type-page","status-publish","hentry"],"_links":{"self":[{"href":"https:\/\/santabaia.es\/index.php?rest_route=\/wp\/v2\/pages\/4184","targetHints":{"allow":["GET"]}}],"collection":[{"href":"https:\/\/santabaia.es\/index.php?rest_route=\/wp\/v2\/pages"}],"about":[{"href":"https:\/\/santabaia.es\/index.php?rest_route=\/wp\/v2\/types\/page"}],"author":[{"embeddable":true,"href":"https:\/\/santabaia.es\/index.php?rest_route=\/wp\/v2\/users\/2"}],"replies":[{"embeddable":true,"href":"https:\/\/santabaia.es\/index.php?rest_route=%2Fwp%2Fv2%2Fcomments&post=4184"}],"version-history":[{"count":65,"href":"https:\/\/santabaia.es\/index.php?rest_route=\/wp\/v2\/pages\/4184\/revisions"}],"predecessor-version":[{"id":11171,"href":"https:\/\/santabaia.es\/index.php?rest_route=\/wp\/v2\/pages\/4184\/revisions\/11171"}],"wp:attachment":[{"href":"https:\/\/santabaia.es\/index.php?rest_route=%2Fwp%2Fv2%2Fmedia&parent=4184"}],"curies":[{"name":"wp","href":"https:\/\/api.w.org\/{rel}","templated":true}]}}