{"id":4084,"date":"2018-02-01T13:24:30","date_gmt":"2018-02-01T13:24:30","guid":{"rendered":"http:\/\/santabaia.es\/?page_id=4084"},"modified":"2022-06-28T12:39:45","modified_gmt":"2022-06-28T11:39:45","slug":"secretaria-2","status":"publish","type":"page","link":"https:\/\/santabaia.es\/?page_id=4084","title":{"rendered":"Secretar\u00eda"},"content":{"rendered":"<p>A secretar\u00eda estar\u00e1 aberta todos os d\u00edas lectivos de 8:40-13:50h.<\/p>\n<p>Ter\u00e1 o mesmo horario os d\u00edas non lectivos de setembro e xu\u00f1o. En Xullo en horario reducido de 10:00h a 13:00h.<\/p>\n<p>Poden acudir martes pola tarde dos d\u00edas lectivos, pero aconsellamos cita previa para poder atendelos no menor tempo posible.<\/p>\n<p>No men\u00fa de categor\u00edas, podes consultar novidades normativas, documentos necesarios, prazos&#8230;<\/p>\n","protected":false},"excerpt":{"rendered":"<p>A secretar\u00eda estar\u00e1 aberta todos os d\u00edas lectivos de 8:40-13:50h. Ter\u00e1 o mesmo horario os d\u00edas non lectivos de setembro e xu\u00f1o. En Xullo en horario reducido de 10:00h a 13:00h. Poden acudir martes pola tarde dos d\u00edas lectivos, pero aconsellamos cita previa para poder atendelos no menor tempo posible. No men\u00fa de categor\u00edas, podes<\/p>\n","protected":false},"author":2,"featured_media":1090,"parent":0,"menu_order":0,"comment_status":"closed","ping_status":"closed","template":"","meta":{"footnotes":""},"class_list":["post-4084","page","type-page","status-publish","has-post-thumbnail","hentry"],"_links":{"self":[{"href":"https:\/\/santabaia.es\/index.php?rest_route=\/wp\/v2\/pages\/4084","targetHints":{"allow":["GET"]}}],"collection":[{"href":"https:\/\/santabaia.es\/index.php?rest_route=\/wp\/v2\/pages"}],"about":[{"href":"https:\/\/santabaia.es\/index.php?rest_route=\/wp\/v2\/types\/page"}],"author":[{"embeddable":true,"href":"https:\/\/santabaia.es\/index.php?rest_route=\/wp\/v2\/users\/2"}],"replies":[{"embeddable":true,"href":"https:\/\/santabaia.es\/index.php?rest_route=%2Fwp%2Fv2%2Fcomments&post=4084"}],"version-history":[{"count":7,"href":"https:\/\/santabaia.es\/index.php?rest_route=\/wp\/v2\/pages\/4084\/revisions"}],"predecessor-version":[{"id":9252,"href":"https:\/\/santabaia.es\/index.php?rest_route=\/wp\/v2\/pages\/4084\/revisions\/9252"}],"wp:featuredmedia":[{"embeddable":true,"href":"https:\/\/santabaia.es\/index.php?rest_route=\/wp\/v2\/media\/1090"}],"wp:attachment":[{"href":"https:\/\/santabaia.es\/index.php?rest_route=%2Fwp%2Fv2%2Fmedia&parent=4084"}],"curies":[{"name":"wp","href":"https:\/\/api.w.org\/{rel}","templated":true}]}}